{"id":26,"date":"2024-01-18T08:18:01","date_gmt":"2024-01-18T07:18:01","guid":{"rendered":"https:\/\/radiopactoeterno.com\/?page_id=26"},"modified":"2025-02-26T18:32:14","modified_gmt":"2025-02-26T17:32:14","slug":"radio","status":"publish","type":"page","link":"https:\/\/radiopactoeterno.com\/","title":{"rendered":"RADIO"},"content":{"rendered":"\t\t<div data-elementor-type=\"wp-page\" data-elementor-id=\"26\" class=\"elementor elementor-26\">\n\t\t\t\t<div class=\"elementor-element elementor-element-fdb5fe3 e-flex e-con-boxed e-con e-parent\" data-id=\"fdb5fe3\" data-element_type=\"container\">\n\t\t\t\t\t<div class=\"e-con-inner\">\n\t\t<div class=\"elementor-element elementor-element-6ae7666 e-con-full e-flex e-con e-child\" data-id=\"6ae7666\" data-element_type=\"container\">\n\t\t\t\t<div class=\"elementor-element elementor-element-0a69d14 elementor-widget elementor-widget-image\" data-id=\"0a69d14\" data-element_type=\"widget\" data-settings=\"{&quot;_animation&quot;:&quot;none&quot;}\" data-widget_type=\"image.default\">\n\t\t\t\t<div class=\"elementor-widget-container\">\n\t\t\t\t\t\t\t\t\t\t\t\t\t\t\t<img decoding=\"async\" width=\"325\" height=\"115\" src=\"https:\/\/radiopactoeterno.com\/wp-content\/uploads\/2024\/01\/icon-whatsapp.png\" class=\"attachment-large size-large wp-image-63\" alt=\"\" srcset=\"https:\/\/radiopactoeterno.com\/wp-content\/uploads\/2024\/01\/icon-whatsapp.png 325w, https:\/\/radiopactoeterno.com\/wp-content\/uploads\/2024\/01\/icon-whatsapp-300x106.png 300w\" sizes=\"(max-width: 325px) 100vw, 325px\" \/>\t\t\t\t\t\t\t\t\t\t\t\t\t\t\t<\/div>\n\t\t\t\t<\/div>\n\t\t\t\t<\/div>\n\t\t<div class=\"elementor-element elementor-element-01da972 e-con-full e-flex e-con e-child\" data-id=\"01da972\" data-element_type=\"container\">\n\t\t\t\t<div class=\"elementor-element elementor-element-4e17d60 elementor-invisible elementor-widget elementor-widget-image\" data-id=\"4e17d60\" data-element_type=\"widget\" data-settings=\"{&quot;_animation&quot;:&quot;slideInDown&quot;}\" data-widget_type=\"image.default\">\n\t\t\t\t<div class=\"elementor-widget-container\">\n\t\t\t\t\t\t\t\t\t\t\t\t\t\t\t<img fetchpriority=\"high\" decoding=\"async\" width=\"357\" height=\"149\" src=\"https:\/\/radiopactoeterno.com\/wp-content\/uploads\/2024\/01\/Contacto.gif\" class=\"attachment-large size-large wp-image-61\" alt=\"\" \/>\t\t\t\t\t\t\t\t\t\t\t\t\t\t\t<\/div>\n\t\t\t\t<\/div>\n\t\t\t\t<\/div>\n\t\t<div class=\"elementor-element elementor-element-aaf8c18 e-con-full e-flex e-con e-child\" data-id=\"aaf8c18\" data-element_type=\"container\">\n\t\t\t\t<div class=\"elementor-element elementor-element-4b20a47 elementor-widget elementor-widget-image\" data-id=\"4b20a47\" data-element_type=\"widget\" data-settings=\"{&quot;_animation&quot;:&quot;none&quot;}\" data-widget_type=\"image.default\">\n\t\t\t\t<div class=\"elementor-widget-container\">\n\t\t\t\t\t\t\t\t\t\t\t\t\t\t\t<img decoding=\"async\" width=\"325\" height=\"115\" src=\"https:\/\/radiopactoeterno.com\/wp-content\/uploads\/2024\/01\/icon-telefono.png\" class=\"attachment-large size-large wp-image-62\" alt=\"\" srcset=\"https:\/\/radiopactoeterno.com\/wp-content\/uploads\/2024\/01\/icon-telefono.png 325w, https:\/\/radiopactoeterno.com\/wp-content\/uploads\/2024\/01\/icon-telefono-300x106.png 300w\" sizes=\"(max-width: 325px) 100vw, 325px\" \/>\t\t\t\t\t\t\t\t\t\t\t\t\t\t\t<\/div>\n\t\t\t\t<\/div>\n\t\t\t\t<\/div>\n\t\t\t\t\t<\/div>\n\t\t\t\t<\/div>\n\t\t<div class=\"elementor-element elementor-element-f054846 e-con-full e-flex e-con e-parent\" data-id=\"f054846\" data-element_type=\"container\">\n\t\t\t\t<div class=\"elementor-element elementor-element-06e8591 elementor-widget elementor-widget-heading\" data-id=\"06e8591\" data-element_type=\"widget\" data-widget_type=\"heading.default\">\n\t\t\t\t<div class=\"elementor-widget-container\">\n\t\t\t\t\t<h2 class=\"elementor-heading-title elementor-size-default\">Transmitiendo desde san lucas, toleman, Guatemala. Centro america.<\/h2>\t\t\t\t<\/div>\n\t\t\t\t<\/div>\n\t\t\t\t<div class=\"elementor-element elementor-element-2c122f4 elementor-widget elementor-widget-image\" data-id=\"2c122f4\" data-element_type=\"widget\" data-widget_type=\"image.default\">\n\t\t\t\t<div class=\"elementor-widget-container\">\n\t\t\t\t\t\t\t\t\t\t\t\t\t\t\t<img loading=\"lazy\" decoding=\"async\" width=\"1600\" height=\"235\" src=\"https:\/\/radiopactoeterno.com\/wp-content\/uploads\/2024\/01\/WhatsApp-Image-2024-01-30-at-5.04.28-PM.jpeg\" class=\"attachment-2048x2048 size-2048x2048 wp-image-97\" alt=\"\" srcset=\"https:\/\/radiopactoeterno.com\/wp-content\/uploads\/2024\/01\/WhatsApp-Image-2024-01-30-at-5.04.28-PM.jpeg 1600w, https:\/\/radiopactoeterno.com\/wp-content\/uploads\/2024\/01\/WhatsApp-Image-2024-01-30-at-5.04.28-PM-300x44.jpeg 300w, https:\/\/radiopactoeterno.com\/wp-content\/uploads\/2024\/01\/WhatsApp-Image-2024-01-30-at-5.04.28-PM-1024x150.jpeg 1024w, https:\/\/radiopactoeterno.com\/wp-content\/uploads\/2024\/01\/WhatsApp-Image-2024-01-30-at-5.04.28-PM-768x113.jpeg 768w, https:\/\/radiopactoeterno.com\/wp-content\/uploads\/2024\/01\/WhatsApp-Image-2024-01-30-at-5.04.28-PM-1536x226.jpeg 1536w\" sizes=\"(max-width: 1600px) 100vw, 1600px\" \/>\t\t\t\t\t\t\t\t\t\t\t\t\t\t\t<\/div>\n\t\t\t\t<\/div>\n\t\t\t\t<\/div>\n\t\t<div class=\"elementor-element elementor-element-b927173 e-flex e-con-boxed e-con e-parent\" data-id=\"b927173\" data-element_type=\"container\">\n\t\t\t\t\t<div class=\"e-con-inner\">\n\t\t<div class=\"elementor-element elementor-element-b347379 e-con-full e-flex e-con e-child\" data-id=\"b347379\" data-element_type=\"container\">\n\t\t\t\t<div class=\"elementor-element elementor-element-15d2a23 elementor-invisible elementor-widget elementor-widget-image\" data-id=\"15d2a23\" data-element_type=\"widget\" data-settings=\"{&quot;_animation&quot;:&quot;fadeInDown&quot;}\" data-widget_type=\"image.default\">\n\t\t\t\t<div class=\"elementor-widget-container\">\n\t\t\t\t\t\t\t\t\t\t\t\t\t\t\t<img loading=\"lazy\" decoding=\"async\" width=\"768\" height=\"768\" src=\"https:\/\/radiopactoeterno.com\/wp-content\/uploads\/2024\/01\/Tunein-Radio-1.jpg\" class=\"attachment-large size-large wp-image-92\" alt=\"\" srcset=\"https:\/\/radiopactoeterno.com\/wp-content\/uploads\/2024\/01\/Tunein-Radio-1.jpg 768w, https:\/\/radiopactoeterno.com\/wp-content\/uploads\/2024\/01\/Tunein-Radio-1-300x300.jpg 300w, https:\/\/radiopactoeterno.com\/wp-content\/uploads\/2024\/01\/Tunein-Radio-1-150x150.jpg 150w\" sizes=\"(max-width: 768px) 100vw, 768px\" \/>\t\t\t\t\t\t\t\t\t\t\t\t\t\t\t<\/div>\n\t\t\t\t<\/div>\n\t\t\t\t<\/div>\n\t\t<div class=\"elementor-element elementor-element-d8f02af e-con-full e-flex e-con e-child\" data-id=\"d8f02af\" data-element_type=\"container\">\n\t\t\t\t<div class=\"elementor-element elementor-element-0407199 elementor-invisible elementor-widget elementor-widget-image\" data-id=\"0407199\" data-element_type=\"widget\" data-settings=\"{&quot;_animation&quot;:&quot;fadeInLeft&quot;}\" data-widget_type=\"image.default\">\n\t\t\t\t<div class=\"elementor-widget-container\">\n\t\t\t\t\t\t\t\t\t\t\t\t\t\t\t<img loading=\"lazy\" decoding=\"async\" width=\"768\" height=\"768\" src=\"https:\/\/radiopactoeterno.com\/wp-content\/uploads\/2024\/01\/Cast-Live.jpg\" class=\"attachment-large size-large wp-image-91\" alt=\"\" srcset=\"https:\/\/radiopactoeterno.com\/wp-content\/uploads\/2024\/01\/Cast-Live.jpg 768w, https:\/\/radiopactoeterno.com\/wp-content\/uploads\/2024\/01\/Cast-Live-300x300.jpg 300w, https:\/\/radiopactoeterno.com\/wp-content\/uploads\/2024\/01\/Cast-Live-150x150.jpg 150w\" sizes=\"(max-width: 768px) 100vw, 768px\" \/>\t\t\t\t\t\t\t\t\t\t\t\t\t\t\t<\/div>\n\t\t\t\t<\/div>\n\t\t\t\t<\/div>\n\t\t<div class=\"elementor-element elementor-element-b8c4e0c e-con-full e-flex e-con e-child\" data-id=\"b8c4e0c\" data-element_type=\"container\">\n\t\t\t\t<div class=\"elementor-element elementor-element-9615345 elementor-invisible elementor-widget elementor-widget-image\" data-id=\"9615345\" data-element_type=\"widget\" data-settings=\"{&quot;_animation&quot;:&quot;fadeInUp&quot;}\" data-widget_type=\"image.default\">\n\t\t\t\t<div class=\"elementor-widget-container\">\n\t\t\t\t\t\t\t\t\t\t\t\t\t\t\t<img loading=\"lazy\" decoding=\"async\" width=\"768\" height=\"768\" src=\"https:\/\/radiopactoeterno.com\/wp-content\/uploads\/2024\/01\/Tuner-Fm-1.jpg\" class=\"attachment-large size-large wp-image-93\" alt=\"\" srcset=\"https:\/\/radiopactoeterno.com\/wp-content\/uploads\/2024\/01\/Tuner-Fm-1.jpg 768w, https:\/\/radiopactoeterno.com\/wp-content\/uploads\/2024\/01\/Tuner-Fm-1-300x300.jpg 300w, https:\/\/radiopactoeterno.com\/wp-content\/uploads\/2024\/01\/Tuner-Fm-1-150x150.jpg 150w\" sizes=\"(max-width: 768px) 100vw, 768px\" \/>\t\t\t\t\t\t\t\t\t\t\t\t\t\t\t<\/div>\n\t\t\t\t<\/div>\n\t\t\t\t<\/div>\n\t\t\t\t\t<\/div>\n\t\t\t\t<\/div>\n\t\t<div class=\"elementor-element elementor-element-ef74fe7 e-flex e-con-boxed e-con e-parent\" data-id=\"ef74fe7\" data-element_type=\"container\">\n\t\t\t\t\t<div class=\"e-con-inner\">\n\t\t\t\t<div class=\"elementor-element elementor-element-cc37e32 elementor-drop-cap-yes elementor-drop-cap-view-default elementor-widget elementor-widget-text-editor\" data-id=\"cc37e32\" data-element_type=\"widget\" data-settings=\"{&quot;drop_cap&quot;:&quot;yes&quot;}\" data-widget_type=\"text-editor.default\">\n\t\t\t\t<div class=\"elementor-widget-container\">\n\t\t\t\t\t\t\t\t\t<h1><strong>Esc\u00fachanos desde tu smartphone Esta App est\u00e1 disponible para todas las plataformas m\u00f3viles, Tan s\u00f3lo tendr\u00e1s que descargarlo desde la tienda de aplicaciones de tu dispositivo y b\u00fascanos con el nombre RADIO PACTO ETERNO<\/strong><\/h1>\t\t\t\t\t\t\t\t<\/div>\n\t\t\t\t<\/div>\n\t\t\t\t\t<\/div>\n\t\t\t\t<\/div>\n\t\t<div class=\"elementor-element elementor-element-137a3b5 e-con-full e-flex e-con e-parent\" data-id=\"137a3b5\" data-element_type=\"container\">\n\t\t<div class=\"elementor-element elementor-element-f16159c e-con-full e-flex e-con e-child\" data-id=\"f16159c\" data-element_type=\"container\" data-settings=\"{&quot;background_background&quot;:&quot;classic&quot;,&quot;shape_divider_top&quot;:&quot;zigzag&quot;}\">\n\t\t\t\t<div class=\"elementor-shape elementor-shape-top\" aria-hidden=\"true\" data-negative=\"false\">\n\t\t\t<svg xmlns=\"http:\/\/www.w3.org\/2000\/svg\" viewBox=\"0 0 1800 5.8\" preserveAspectRatio=\"none\">\n  <path class=\"elementor-shape-fill\" d=\"M5.4.4l5.4 5.3L16.5.4l5.4 5.3L27.5.4 33 5.7 38.6.4l5.5 5.4h.1L49.9.4l5.4 5.3L60.9.4l5.5 5.3L72 .4l5.5 5.3L83.1.4l5.4 5.3L94.1.4l5.5 5.4h.2l5.6-5.4 5.5 5.3 5.6-5.3 5.4 5.3 5.6-5.3 5.5 5.3 5.6-5.3 5.5 5.4h.2l5.6-5.4 5.4 5.3L161 .4l5.4 5.3L172 .4l5.5 5.3 5.6-5.3 5.4 5.3 5.7-5.3 5.4 5.4h.2l5.6-5.4 5.5 5.3 5.6-5.3 5.5 5.3 5.6-5.3 5.4 5.3 5.6-5.3 5.5 5.4h.2l5.6-5.4 5.5 5.3L261 .4l5.4 5.3L272 .4l5.5 5.3 5.6-5.3 5.5 5.3 5.6-5.3 5.5 5.4h.1l5.7-5.4 5.4 5.3 5.6-5.3 5.5 5.3 5.6-5.3 5.4 5.3 5.7-5.3 5.4 5.4h.2l5.6-5.4 5.5 5.3L361 .4l5.5 5.3 5.6-5.3 5.4 5.3 5.6-5.3 5.5 5.3 5.6-5.3 5.5 5.4h.1l5.7-5.4 5.4 5.3 5.6-5.3 5.5 5.3 5.6-5.3 5.5 5.3 5.6-5.3 5.5 5.4h.1l5.6-5.4 5.5 5.3L461 .4l5.5 5.3 5.6-5.3 5.4 5.3 5.7-5.3 5.4 5.3 5.6-5.3 5.5 5.4h.2l5.6-5.4 5.5 5.3 5.6-5.3 5.4 5.3 5.6-5.3 5.5 5.3 5.6-5.3 5.5 5.4h.1L550 .4l5.4 5.3L561 .4l5.5 5.3 5.6-5.3 5.5 5.3 5.6-5.3 5.4 5.3 5.6-5.3 5.5 5.4h.2l5.6-5.4 5.5 5.3 5.6-5.3 5.4 5.3 5.7-5.3 5.4 5.3 5.6-5.3 5.5 5.4h.2L650 .4l5.5 5.3 5.6-5.3 5.4 5.3 5.6-5.3 5.5 5.3 5.6-5.3 5.5 5.3 5.6-5.3 5.4 5.4h.2l5.6-5.4 5.5 5.3 5.6-5.3 5.5 5.3 5.6-5.3 5.4 5.3 5.6-5.3 5.5 5.4h.2L750 .4l5.5 5.3 5.6-5.3 5.4 5.3 5.7-5.3 5.4 5.3 5.6-5.3 5.5 5.3 5.6-5.3 5.5 5.4h.1l5.7-5.4 5.4 5.3 5.6-5.3 5.5 5.3 5.6-5.3 5.5 5.3 5.6-5.3 5.4 5.4h.2L850 .4l5.5 5.3 5.6-5.3 5.5 5.3 5.6-5.3 5.4 5.3 5.6-5.3 5.5 5.3 5.6-5.3 5.5 5.4h.2l5.6-5.4 5.4 5.3 5.7-5.3 5.4 5.3 5.6-5.3 5.5 5.3 5.6-5.3 5.5 5.4h.1l5.7-5.4 5.4 5.3 5.6-5.3 5.5 5.3 5.6-5.3 5.5 5.3 5.6-5.3 5.4 5.3 5.6-5.3 5.5 5.4h.2l5.6-5.4 5.5 5.3 5.6-5.3 5.4 5.3 5.6-5.3 5.5 5.3 5.6-5.3 5.5 5.4h.2l5.6-5.4 5.4 5.3 5.7-5.3 5.4 5.3 5.6-5.3 5.5 5.3 5.6-5.3 5.5 5.3 5.6-5.3 5.4 5.4h.2l5.6-5.4 5.5 5.3 5.6-5.3 5.5 5.3 5.6-5.3 5.4 5.3 5.6-5.3 5.5 5.4h.2l5.6-5.4 5.5 5.3 5.6-5.3 5.4 5.3 5.6-5.3 5.5 5.3 5.6-5.3 5.5 5.3 5.6-5.3 5.5 5.4h.1l5.7-5.4 5.4 5.3 5.6-5.3 5.5 5.3 5.6-5.3 5.5 5.3 5.6-5.3 5.4 5.4h.2l5.6-5.4 5.5 5.3 5.6-5.3 5.5 5.3 5.6-5.3 5.4 5.3 5.6-5.3 5.5 5.3 5.6-5.3 5.5 5.4h.2l5.6-5.4 5.4 5.3 5.6-5.3 5.5 5.3 5.6-5.3 5.5 5.3 5.6-5.3 5.5 5.4h.1l5.7-5.4 5.4 5.3 5.6-5.3 5.5 5.3 5.6-5.3 5.5 5.3 5.6-5.3 5.4 5.3 5.6-5.3 5.5 5.4h.2l5.6-5.4 5.5 5.3 5.6-5.3 5.4 5.3 5.6-5.3 5.5 5.3 5.6-5.3 5.5 5.4h.2l5.6-5.4 5.4 5.3 5.6-5.3 5.5 5.3 5.6-5.3 5.5 5.3 5.6-5.3 5.4 5.3 5.7-5.3 5.4 5.4h.2l5.6-5.4 5.5 5.3 5.6-5.3 5.5 5.3 5.6-5.3 5.4 5.3 5.6-5.3 5.5 5.4h.2l5.6-5.4 5.5 5.3 5.6-5.3 5.4 5.3 5.6-5.3 5.5 5.3 5.6-5.3 5.5 5.3 5.6-5.3 5.5 5.4h.1l5.6-5.4 5.5 5.3 5.6-5.3 5.5 5.3 5.6-5.3 5.4 5.3 5.7-5.3 5.4 5.4h.2l5.6-5.4 5.5 5.3 5.6-5.3 5.5 5.3 5.6-5.3 5.4 5.3 5.6-5.3 5.5 5.3 5.6-5.3 5.5 5.4h.1l5.7-5.4 5.4 5.3 5.6-5.3 5.5 5.3 5.6-5.3 5.5 5.3 5.6-5.3 5.5 5.4h.1l5.6-5.4 5.5 5.3 5.6-5.3 5.5 5.3 5.6-5.3 5.4 5.3 5.7-5.3 5.4 5.3 5.6-5.3 5.5 5.4V0H-.2v5.8z\"\/>\n<\/svg>\n\t\t<\/div>\n\t\t\t\t<div class=\"elementor-element elementor-element-590cabb elementor-align-justify elementor-invisible elementor-widget elementor-widget-button\" data-id=\"590cabb\" data-element_type=\"widget\" data-settings=\"{&quot;_animation&quot;:&quot;fadeInRight&quot;}\" data-widget_type=\"button.default\">\n\t\t\t\t<div class=\"elementor-widget-container\">\n\t\t\t\t\t\t\t\t\t<div class=\"elementor-button-wrapper\">\n\t\t\t\t\t<a class=\"elementor-button elementor-button-link elementor-size-lg\" href=\"#\">\n\t\t\t\t\t\t<span class=\"elementor-button-content-wrapper\">\n\t\t\t\t\t\t\t\t\t<span class=\"elementor-button-text\">RADIO EN VIVO<\/span>\n\t\t\t\t\t<\/span>\n\t\t\t\t\t<\/a>\n\t\t\t\t<\/div>\n\t\t\t\t\t\t\t\t<\/div>\n\t\t\t\t<\/div>\n\t\t\t\t<div class=\"elementor-element elementor-element-2bfe1f0 elementor-widget elementor-widget-html\" data-id=\"2bfe1f0\" data-element_type=\"widget\" data-widget_type=\"html.default\">\n\t\t\t\t<div class=\"elementor-widget-container\">\n\t\t\t\t\t<iframe src=\"https:\/\/radiopactoeterno.com\/radiopactoeterno1\/\" style=\"width:100%; height:500px;\" scrolling=\"no\" frameborder=\"no\"><\/iframe>\t\t\t\t<\/div>\n\t\t\t\t<\/div>\n\t\t\t\t<div class=\"elementor-element elementor-element-9243d12 elementor-align-justify elementor-invisible elementor-widget elementor-widget-button\" data-id=\"9243d12\" data-element_type=\"widget\" data-settings=\"{&quot;_animation&quot;:&quot;fadeInRight&quot;}\" data-widget_type=\"button.default\">\n\t\t\t\t<div class=\"elementor-widget-container\">\n\t\t\t\t\t\t\t\t\t<div class=\"elementor-button-wrapper\">\n\t\t\t\t\t<a class=\"elementor-button elementor-button-link elementor-size-lg\" href=\"#\">\n\t\t\t\t\t\t<span class=\"elementor-button-content-wrapper\">\n\t\t\t\t\t\t\t\t\t<span class=\"elementor-button-text\">VERSICULO DEL DIA<\/span>\n\t\t\t\t\t<\/span>\n\t\t\t\t\t<\/a>\n\t\t\t\t<\/div>\n\t\t\t\t\t\t\t\t<\/div>\n\t\t\t\t<\/div>\n\t\t\t\t<div class=\"elementor-element elementor-element-b0897cc elementor-widget elementor-widget-html\" data-id=\"b0897cc\" data-element_type=\"widget\" data-widget_type=\"html.default\">\n\t\t\t\t<div class=\"elementor-widget-container\">\n\t\t\t\t\t<iframe width=\"300px\" scrolling=\"no\" height=\"400px\" frameborder=\"0\" src=\"https:\/\/www.bibliatodo.com\/es\/online\/versiculo-del-dia\"><\/iframe>\t\t\t\t<\/div>\n\t\t\t\t<\/div>\n\t\t\t\t<\/div>\n\t\t<div class=\"elementor-element elementor-element-59f5077 e-con-full e-flex e-con e-child\" data-id=\"59f5077\" data-element_type=\"container\" data-settings=\"{&quot;shape_divider_top&quot;:&quot;triangle-asymmetrical&quot;}\">\n\t\t\t\t<div class=\"elementor-shape elementor-shape-top\" aria-hidden=\"true\" data-negative=\"false\">\n\t\t\t<svg xmlns=\"http:\/\/www.w3.org\/2000\/svg\" viewBox=\"0 0 1000 100\" preserveAspectRatio=\"none\">\n\t<path class=\"elementor-shape-fill\" d=\"M738,99l262-93V0H0v5.6L738,99z\"\/>\n<\/svg>\t\t<\/div>\n\t\t\t\t<div class=\"elementor-element elementor-element-ad933a6 elementor-widget elementor-widget-image\" data-id=\"ad933a6\" data-element_type=\"widget\" data-widget_type=\"image.default\">\n\t\t\t\t<div class=\"elementor-widget-container\">\n\t\t\t\t\t\t\t\t\t\t\t\t\t\t\t<img loading=\"lazy\" decoding=\"async\" width=\"1024\" height=\"189\" src=\"https:\/\/radiopactoeterno.com\/wp-content\/uploads\/2024\/01\/deja-tu-comentario-1024x189.png\" class=\"attachment-large size-large wp-image-115\" alt=\"\" srcset=\"https:\/\/radiopactoeterno.com\/wp-content\/uploads\/2024\/01\/deja-tu-comentario-1024x189.png 1024w, https:\/\/radiopactoeterno.com\/wp-content\/uploads\/2024\/01\/deja-tu-comentario-300x55.png 300w, https:\/\/radiopactoeterno.com\/wp-content\/uploads\/2024\/01\/deja-tu-comentario-768x142.png 768w, https:\/\/radiopactoeterno.com\/wp-content\/uploads\/2024\/01\/deja-tu-comentario.png 1280w\" sizes=\"(max-width: 1024px) 100vw, 1024px\" \/>\t\t\t\t\t\t\t\t\t\t\t\t\t\t\t<\/div>\n\t\t\t\t<\/div>\n\t\t\t\t<div class=\"elementor-element elementor-element-898fe4c elementor-widget elementor-widget-html\" data-id=\"898fe4c\" data-element_type=\"widget\" data-widget_type=\"html.default\">\n\t\t\t\t<div class=\"elementor-widget-container\">\n\t\t\t\t\t<iframe src=\"https:\/\/www3.cbox.ws\/box\/?boxid=3542287&boxtag=lYhbGh\" width=\"100%\" height=\"450\" allowtransparency=\"yes\" allow=\"autoplay\" frameborder=\"0\" marginheight=\"0\" marginwidth=\"0\" scrolling=\"auto\"><\/iframe>\t\t\t\t\t<\/div>\n\t\t\t\t<\/div>\n\t\t\t\t<div class=\"elementor-element elementor-element-4013a71 elementor-align-justify elementor-widget__width-inherit elementor-widget elementor-widget-button\" data-id=\"4013a71\" data-element_type=\"widget\" data-settings=\"{&quot;_animation&quot;:&quot;none&quot;}\" data-widget_type=\"button.default\">\n\t\t\t\t<div class=\"elementor-widget-container\">\n\t\t\t\t\t\t\t\t\t<div class=\"elementor-button-wrapper\">\n\t\t\t\t\t<a class=\"elementor-button elementor-button-link elementor-size-lg\" href=\"#\">\n\t\t\t\t\t\t<span class=\"elementor-button-content-wrapper\">\n\t\t\t\t\t\t\t\t\t<span class=\"elementor-button-text\">DESCARGA TU APP FAVORITO<\/span>\n\t\t\t\t\t<\/span>\n\t\t\t\t\t<\/a>\n\t\t\t\t<\/div>\n\t\t\t\t\t\t\t\t<\/div>\n\t\t\t\t<\/div>\n\t\t\t\t<div class=\"elementor-element elementor-element-84d8932 elementor-pagination-position-outside elementor-widget elementor-widget-image-carousel\" data-id=\"84d8932\" data-element_type=\"widget\" data-settings=\"{&quot;navigation&quot;:&quot;dots&quot;,&quot;autoplay_speed&quot;:5050,&quot;speed&quot;:578,&quot;autoplay&quot;:&quot;yes&quot;,&quot;infinite&quot;:&quot;yes&quot;}\" data-widget_type=\"image-carousel.default\">\n\t\t\t\t<div class=\"elementor-widget-container\">\n\t\t\t\t\t\t\t<div class=\"elementor-image-carousel-wrapper swiper\" role=\"region\" aria-roledescription=\"carousel\" aria-label=\"Image Carousel\" dir=\"ltr\">\n\t\t\t<div class=\"elementor-image-carousel swiper-wrapper\" aria-live=\"off\">\n\t\t\t\t\t\t\t\t<div class=\"swiper-slide\" role=\"group\" aria-roledescription=\"slide\" aria-label=\"1 of 3\"><figure class=\"swiper-slide-inner\"><img decoding=\"async\" class=\"swiper-slide-image\" src=\"https:\/\/radiopactoeterno.com\/wp-content\/uploads\/2024\/10\/hggg.jpg\" alt=\"hggg\" \/><\/figure><\/div><div class=\"swiper-slide\" role=\"group\" aria-roledescription=\"slide\" aria-label=\"2 of 3\"><figure class=\"swiper-slide-inner\"><img decoding=\"async\" class=\"swiper-slide-image\" src=\"https:\/\/radiopactoeterno.com\/wp-content\/uploads\/2024\/10\/tuneind.jpg\" alt=\"tuneind\" \/><\/figure><\/div><div class=\"swiper-slide\" role=\"group\" aria-roledescription=\"slide\" aria-label=\"3 of 3\"><figure class=\"swiper-slide-inner\"><img decoding=\"async\" class=\"swiper-slide-image\" src=\"https:\/\/radiopactoeterno.com\/wp-content\/uploads\/2024\/10\/OIP-7.jpg\" alt=\"OIP (7)\" \/><\/figure><\/div>\t\t\t<\/div>\n\t\t\t\t\t\t\t\n\t\t\t\t\t\t\t\t\t<div class=\"swiper-pagination\"><\/div>\n\t\t\t\t\t\t\t\t\t<\/div>\n\t\t\t\t\t\t<\/div>\n\t\t\t\t<\/div>\n\t\t\t\t<div class=\"elementor-element elementor-element-f195d23 elementor-widget elementor-widget-text-editor\" data-id=\"f195d23\" data-element_type=\"widget\" data-widget_type=\"text-editor.default\">\n\t\t\t\t<div class=\"elementor-widget-container\">\n\t\t\t\t\t\t\t\t\t<h2><strong>Esc\u00fachanos desde tu smartphone Esta App est\u00e1 disponible para todas las plataformas m\u00f3viles, Tan s\u00f3lo tendr\u00e1s que descargarlo desde la tienda de aplicaciones de tu dispositivo y b\u00fascanos con el nombre RADIO PACTO ETERNO<\/strong><\/h2>\t\t\t\t\t\t\t\t<\/div>\n\t\t\t\t<\/div>\n\t\t\t\t<\/div>\n\t\t\t\t<\/div>\n\t\t<div class=\"elementor-element elementor-element-71582b5 e-con-full e-flex e-con e-parent\" data-id=\"71582b5\" data-element_type=\"container\">\n\t\t<div class=\"elementor-element elementor-element-f2078fd e-con-full e-flex e-con e-child\" data-id=\"f2078fd\" data-element_type=\"container\">\n\t\t\t\t<div class=\"elementor-element elementor-element-81acdf7 elementor-widget elementor-widget-html\" data-id=\"81acdf7\" data-element_type=\"widget\" data-widget_type=\"html.default\">\n\t\t\t\t<div class=\"elementor-widget-container\">\n\t\t\t\t\t<iframe width=\"560\" height=\"315\" src=\"https:\/\/www.youtube.com\/embed\/p_c8YCjCSus?si=NiZxyJd9YLVXk9pu\" title=\"YouTube video player\" frameborder=\"0\" allow=\"accelerometer; autoplay; clipboard-write; encrypted-media; gyroscope; picture-in-picture; web-share\" referrerpolicy=\"strict-origin-when-cross-origin\" allowfullscreen><\/iframe>\t\t\t\t<\/div>\n\t\t\t\t<\/div>\n\t\t\t\t<\/div>\n\t\t<div class=\"elementor-element elementor-element-7d8027f e-con-full e-flex e-con e-child\" data-id=\"7d8027f\" data-element_type=\"container\">\n\t\t\t\t<div class=\"elementor-element elementor-element-29979f5 elementor-widget elementor-widget-html\" data-id=\"29979f5\" data-element_type=\"widget\" data-widget_type=\"html.default\">\n\t\t\t\t<div class=\"elementor-widget-container\">\n\t\t\t\t\t<iframe width=\"560\" height=\"315\" src=\"https:\/\/www.youtube.com\/embed\/10APe1FhQbY?si=s1s4-cl5i9PBL8ph\" title=\"YouTube video player\" frameborder=\"0\" allow=\"accelerometer; autoplay; clipboard-write; encrypted-media; gyroscope; picture-in-picture; web-share\" referrerpolicy=\"strict-origin-when-cross-origin\" allowfullscreen><\/iframe>\t\t\t\t<\/div>\n\t\t\t\t<\/div>\n\t\t\t\t<\/div>\n\t\t<div class=\"elementor-element elementor-element-3890ed6 e-con-full e-flex e-con e-child\" data-id=\"3890ed6\" data-element_type=\"container\">\n\t\t\t\t<div class=\"elementor-element elementor-element-a824529 elementor-widget elementor-widget-html\" data-id=\"a824529\" data-element_type=\"widget\" data-widget_type=\"html.default\">\n\t\t\t\t<div class=\"elementor-widget-container\">\n\t\t\t\t\t<iframe width=\"560\" height=\"315\" src=\"https:\/\/www.youtube.com\/embed\/9ZL5gBBAk6Q?si=Uc0MLgOsuvyW4RzB\" title=\"YouTube video player\" frameborder=\"0\" allow=\"accelerometer; autoplay; clipboard-write; encrypted-media; gyroscope; picture-in-picture; web-share\" referrerpolicy=\"strict-origin-when-cross-origin\" allowfullscreen><\/iframe>\t\t\t\t<\/div>\n\t\t\t\t<\/div>\n\t\t\t\t<\/div>\n\t\t\t\t<\/div>\n\t\t\t\t<\/div>\n\t\t","protected":false},"excerpt":{"rendered":"<p>Transmitiendo desde san lucas, toleman, Guatemala. Centro america. Esc\u00fachanos desde tu smartphone Esta App est\u00e1 disponible para todas las plataformas m\u00f3viles, Tan s\u00f3lo tendr\u00e1s que descargarlo desde la tienda de aplicaciones de tu dispositivo y b\u00fascanos con el nombre RADIO PACTO ETERNO RADIO EN VIVO VERSICULO DEL DIA DESCARGA TU APP FAVORITO Esc\u00fachanos desde tu &hellip; <\/p>\n<p><a class=\"more-link block-button\" href=\"https:\/\/radiopactoeterno.com\/\">Continue reading &raquo;<\/a><\/p>\n","protected":false},"author":1,"featured_media":0,"parent":0,"menu_order":0,"comment_status":"closed","ping_status":"closed","template":"","meta":{"footnotes":""},"class_list":["post-26","page","type-page","status-publish","hentry","nodate"],"_links":{"self":[{"href":"https:\/\/radiopactoeterno.com\/index.php\/wp-json\/wp\/v2\/pages\/26","targetHints":{"allow":["GET"]}}],"collection":[{"href":"https:\/\/radiopactoeterno.com\/index.php\/wp-json\/wp\/v2\/pages"}],"about":[{"href":"https:\/\/radiopactoeterno.com\/index.php\/wp-json\/wp\/v2\/types\/page"}],"author":[{"embeddable":true,"href":"https:\/\/radiopactoeterno.com\/index.php\/wp-json\/wp\/v2\/users\/1"}],"replies":[{"embeddable":true,"href":"https:\/\/radiopactoeterno.com\/index.php\/wp-json\/wp\/v2\/comments?post=26"}],"version-history":[{"count":200,"href":"https:\/\/radiopactoeterno.com\/index.php\/wp-json\/wp\/v2\/pages\/26\/revisions"}],"predecessor-version":[{"id":320,"href":"https:\/\/radiopactoeterno.com\/index.php\/wp-json\/wp\/v2\/pages\/26\/revisions\/320"}],"wp:attachment":[{"href":"https:\/\/radiopactoeterno.com\/index.php\/wp-json\/wp\/v2\/media?parent=26"}],"curies":[{"name":"wp","href":"https:\/\/api.w.org\/{rel}","templated":true}]}}